{"id":85,"date":"2022-04-23T12:34:19","date_gmt":"2022-04-23T10:34:19","guid":{"rendered":"https:\/\/www.impact-z.one\/?page_id=85"},"modified":"2023-07-23T23:06:16","modified_gmt":"2023-07-23T21:06:16","slug":"agb","status":"publish","type":"page","link":"https:\/\/www.impact-z.one\/?page_id=85","title":{"rendered":"Allgemeine Gesch\u00e4ftsbedingungen"},"content":{"rendered":"\t\t<div data-elementor-type=\"wp-page\" data-elementor-id=\"85\" class=\"elementor elementor-85\">\n\t\t\t\t\t\t<section class=\"ob-is-breaking-bad elementor-section elementor-top-section elementor-element elementor-element-f8b5b17 elementor-section-full_width iz-slider-01 elementor-section-height-min-height elementor-section-height-default elementor-section-items-middle\" data-id=\"f8b5b17\" data-element_type=\"section\" data-e-type=\"section\" data-settings=\"{&quot;background_background&quot;:&quot;classic&quot;,&quot;_ob_bbad_use_it&quot;:&quot;yes&quot;,&quot;_ob_bbad_sssic_use&quot;:&quot;no&quot;,&quot;_ob_glider_is_slider&quot;:&quot;no&quot;}\">\n\t\t\t\t\t\t\t<div class=\"elementor-background-overlay\"><\/div>\n\t\t\t\t\t\t\t<div class=\"elementor-container elementor-column-gap-default\">\n\t\t\t\t\t<div class=\"elementor-column elementor-col-100 elementor-top-column elementor-element elementor-element-01120f3\" data-id=\"01120f3\" data-element_type=\"column\" data-e-type=\"column\" data-settings=\"{&quot;_ob_bbad_is_stalker&quot;:&quot;no&quot;,&quot;_ob_teleporter_use&quot;:false,&quot;_ob_column_hoveranimator&quot;:&quot;no&quot;,&quot;_ob_column_has_pseudo&quot;:&quot;no&quot;}\">\n\t\t\t<div class=\"elementor-widget-wrap elementor-element-populated\">\n\t\t\t\t\t\t<div class=\"elementor-element elementor-element-a48abab ob-has-background-overlay elementor-widget elementor-widget-spacer\" data-id=\"a48abab\" data-element_type=\"widget\" data-e-type=\"widget\" data-settings=\"{&quot;_ob_spacerat_use&quot;:&quot;no&quot;,&quot;_ob_perspektive_use&quot;:&quot;no&quot;,&quot;_ob_poopart_use&quot;:&quot;yes&quot;,&quot;_ob_shadough_use&quot;:&quot;no&quot;,&quot;_ob_allow_hoveranimator&quot;:&quot;no&quot;,&quot;_ob_widget_stalker_use&quot;:&quot;no&quot;}\" data-widget_type=\"spacer.default\">\n\t\t\t\t<div class=\"elementor-widget-container\">\n\t\t\t\t\t\t\t<div class=\"elementor-spacer\">\n\t\t\t<div class=\"elementor-spacer-inner\"><\/div>\n\t\t<\/div>\n\t\t\t\t\t\t<\/div>\n\t\t\t\t<\/div>\n\t\t\t\t<div class=\"elementor-element elementor-element-1d3d597 ob-has-background-overlay elementor-widget elementor-widget-image\" data-id=\"1d3d597\" data-element_type=\"widget\" data-e-type=\"widget\" data-settings=\"{&quot;_ob_photomorph_use&quot;:&quot;no&quot;,&quot;_ob_perspektive_use&quot;:&quot;no&quot;,&quot;_ob_poopart_use&quot;:&quot;yes&quot;,&quot;_ob_shadough_use&quot;:&quot;no&quot;,&quot;_ob_allow_hoveranimator&quot;:&quot;no&quot;,&quot;_ob_widget_stalker_use&quot;:&quot;no&quot;}\" data-widget_type=\"image.default\">\n\t\t\t\t<div class=\"elementor-widget-container\">\n\t\t\t\t\t\t\t\t\t\t\t\t\t\t\t<img fetchpriority=\"high\" decoding=\"async\" width=\"1024\" height=\"1024\" src=\"https:\/\/www.impact-z.one\/wp-content\/uploads\/2022\/04\/2022-04_impactzone-Signet_E01_v01_svg.svg\" class=\"attachment-large size-large wp-image-135\" alt=\"\" srcset=\"https:\/\/www.impact-z.one\/wp-content\/uploads\/2022-04_impactzone-Signet_E01_v01_svg.svg 150w, https:\/\/www.impact-z.one\/wp-content\/uploads\/2022-04_impactzone-Signet_E01_v01_svg.svg 300w, https:\/\/www.impact-z.one\/wp-content\/uploads\/2022-04_impactzone-Signet_E01_v01_svg.svg 1024w\" sizes=\"(max-width: 1024px) 100vw, 1024px\" \/>\t\t\t\t\t\t\t\t\t\t\t\t\t\t\t<\/div>\n\t\t\t\t<\/div>\n\t\t\t\t<div class=\"elementor-element elementor-element-4e4417e ob-harakiri-inherit ob-has-background-overlay elementor-widget elementor-widget-heading\" data-id=\"4e4417e\" data-element_type=\"widget\" data-e-type=\"widget\" data-settings=\"{&quot;_ob_use_harakiri&quot;:&quot;yes&quot;,&quot;_ob_harakiri_writing_mode&quot;:&quot;inherit&quot;,&quot;_ob_harakiri_text_clip&quot;:&quot;none&quot;,&quot;_ob_perspektive_use&quot;:&quot;no&quot;,&quot;_ob_poopart_use&quot;:&quot;yes&quot;,&quot;_ob_shadough_use&quot;:&quot;no&quot;,&quot;_ob_allow_hoveranimator&quot;:&quot;no&quot;,&quot;_ob_widget_stalker_use&quot;:&quot;no&quot;}\" data-widget_type=\"heading.default\">\n\t\t\t\t<div class=\"elementor-widget-container\">\n\t\t\t\t\t<h1 class=\"elementor-heading-title elementor-size-default\">IMPACTZONE - AGB<\/h1>\t\t\t\t<\/div>\n\t\t\t\t<\/div>\n\t\t\t\t<div class=\"elementor-element elementor-element-f364ff4 ob-harakiri-inherit ob-has-background-overlay elementor-widget elementor-widget-heading\" data-id=\"f364ff4\" data-element_type=\"widget\" data-e-type=\"widget\" data-settings=\"{&quot;_ob_use_harakiri&quot;:&quot;yes&quot;,&quot;_ob_harakiri_writing_mode&quot;:&quot;inherit&quot;,&quot;_ob_harakiri_text_clip&quot;:&quot;none&quot;,&quot;_ob_perspektive_use&quot;:&quot;no&quot;,&quot;_ob_poopart_use&quot;:&quot;yes&quot;,&quot;_ob_shadough_use&quot;:&quot;no&quot;,&quot;_ob_allow_hoveranimator&quot;:&quot;no&quot;,&quot;_ob_widget_stalker_use&quot;:&quot;no&quot;}\" data-widget_type=\"heading.default\">\n\t\t\t\t<div class=\"elementor-widget-container\">\n\t\t\t\t\t<h4 class=\"elementor-heading-title elementor-size-default\">ALLGEMEINE GESCH\u00c4FTSBEDINGUNGEN<\/h4>\t\t\t\t<\/div>\n\t\t\t\t<\/div>\n\t\t\t\t<div class=\"elementor-element elementor-element-67ae19b ob-has-background-overlay elementor-widget elementor-widget-spacer\" data-id=\"67ae19b\" data-element_type=\"widget\" data-e-type=\"widget\" data-settings=\"{&quot;_ob_spacerat_use&quot;:&quot;no&quot;,&quot;_ob_perspektive_use&quot;:&quot;no&quot;,&quot;_ob_poopart_use&quot;:&quot;yes&quot;,&quot;_ob_shadough_use&quot;:&quot;no&quot;,&quot;_ob_allow_hoveranimator&quot;:&quot;no&quot;,&quot;_ob_widget_stalker_use&quot;:&quot;no&quot;}\" data-widget_type=\"spacer.default\">\n\t\t\t\t<div class=\"elementor-widget-container\">\n\t\t\t\t\t\t\t<div class=\"elementor-spacer\">\n\t\t\t<div class=\"elementor-spacer-inner\"><\/div>\n\t\t<\/div>\n\t\t\t\t\t\t<\/div>\n\t\t\t\t<\/div>\n\t\t\t\t\t<\/div>\n\t\t<\/div>\n\t\t\t\t\t<\/div>\n\t\t<\/section>\n\t\t\t\t<section class=\"ob-is-breaking-bad elementor-section elementor-top-section elementor-element elementor-element-8fa5ca1 elementor-section-boxed elementor-section-height-default elementor-section-height-default\" data-id=\"8fa5ca1\" data-element_type=\"section\" data-e-type=\"section\" data-settings=\"{&quot;_ob_bbad_use_it&quot;:&quot;yes&quot;,&quot;_ob_bbad_sssic_use&quot;:&quot;no&quot;,&quot;_ob_glider_is_slider&quot;:&quot;no&quot;}\">\n\t\t\t\t\t\t\t<div class=\"elementor-background-overlay\"><\/div>\n\t\t\t\t\t\t\t<div class=\"elementor-container elementor-column-gap-default\">\n\t\t\t\t\t<div class=\"elementor-column elementor-col-100 elementor-top-column elementor-element elementor-element-7816d44\" data-id=\"7816d44\" data-element_type=\"column\" data-e-type=\"column\" data-settings=\"{&quot;_ob_bbad_is_stalker&quot;:&quot;no&quot;,&quot;_ob_teleporter_use&quot;:false,&quot;_ob_column_hoveranimator&quot;:&quot;no&quot;,&quot;_ob_column_has_pseudo&quot;:&quot;no&quot;}\">\n\t\t\t<div class=\"elementor-widget-wrap elementor-element-populated\">\n\t\t\t\t\t\t<div class=\"elementor-element elementor-element-dd2e585 ob-has-background-overlay elementor-widget elementor-widget-spacer\" data-id=\"dd2e585\" data-element_type=\"widget\" data-e-type=\"widget\" data-settings=\"{&quot;_ob_spacerat_use&quot;:&quot;no&quot;,&quot;_ob_perspektive_use&quot;:&quot;no&quot;,&quot;_ob_poopart_use&quot;:&quot;yes&quot;,&quot;_ob_shadough_use&quot;:&quot;no&quot;,&quot;_ob_allow_hoveranimator&quot;:&quot;no&quot;,&quot;_ob_widget_stalker_use&quot;:&quot;no&quot;}\" data-widget_type=\"spacer.default\">\n\t\t\t\t<div class=\"elementor-widget-container\">\n\t\t\t\t\t\t\t<div class=\"elementor-spacer\">\n\t\t\t<div class=\"elementor-spacer-inner\"><\/div>\n\t\t<\/div>\n\t\t\t\t\t\t<\/div>\n\t\t\t\t<\/div>\n\t\t\t\t<div class=\"elementor-element elementor-element-3a6c823 ob-harakiri-inherit ob-has-background-overlay elementor-widget elementor-widget-heading\" data-id=\"3a6c823\" data-element_type=\"widget\" data-e-type=\"widget\" data-settings=\"{&quot;_ob_use_harakiri&quot;:&quot;yes&quot;,&quot;_ob_harakiri_writing_mode&quot;:&quot;inherit&quot;,&quot;_ob_harakiri_text_clip&quot;:&quot;none&quot;,&quot;_ob_perspektive_use&quot;:&quot;no&quot;,&quot;_ob_poopart_use&quot;:&quot;yes&quot;,&quot;_ob_shadough_use&quot;:&quot;no&quot;,&quot;_ob_allow_hoveranimator&quot;:&quot;no&quot;,&quot;_ob_widget_stalker_use&quot;:&quot;no&quot;}\" data-widget_type=\"heading.default\">\n\t\t\t\t<div class=\"elementor-widget-container\">\n\t\t\t\t\t<h4 class=\"elementor-heading-title elementor-size-default\">ALLGEMEINE GESCH\u00c4FTSBEDINGUNGEN<\/h4>\t\t\t\t<\/div>\n\t\t\t\t<\/div>\n\t\t\t\t<div class=\"elementor-element elementor-element-1f2a13f elementor-widget-divider--view-line ob-has-background-overlay elementor-widget elementor-widget-divider\" data-id=\"1f2a13f\" data-element_type=\"widget\" data-e-type=\"widget\" data-settings=\"{&quot;_ob_perspektive_use&quot;:&quot;no&quot;,&quot;_ob_poopart_use&quot;:&quot;yes&quot;,&quot;_ob_shadough_use&quot;:&quot;no&quot;,&quot;_ob_allow_hoveranimator&quot;:&quot;no&quot;,&quot;_ob_widget_stalker_use&quot;:&quot;no&quot;}\" data-widget_type=\"divider.default\">\n\t\t\t\t<div class=\"elementor-widget-container\">\n\t\t\t\t\t\t\t<div class=\"elementor-divider\">\n\t\t\t<span class=\"elementor-divider-separator\">\n\t\t\t\t\t\t<\/span>\n\t\t<\/div>\n\t\t\t\t\t\t<\/div>\n\t\t\t\t<\/div>\n\t\t\t\t<div class=\"elementor-element elementor-element-6e14b09 ob-harakiri-inherit ob-has-background-overlay elementor-widget elementor-widget-text-editor\" data-id=\"6e14b09\" data-element_type=\"widget\" data-e-type=\"widget\" data-settings=\"{&quot;_ob_use_harakiri&quot;:&quot;yes&quot;,&quot;_ob_harakiri_writing_mode&quot;:&quot;inherit&quot;,&quot;_ob_postman_use&quot;:&quot;no&quot;,&quot;_ob_perspektive_use&quot;:&quot;no&quot;,&quot;_ob_poopart_use&quot;:&quot;yes&quot;,&quot;_ob_shadough_use&quot;:&quot;no&quot;,&quot;_ob_allow_hoveranimator&quot;:&quot;no&quot;,&quot;_ob_widget_stalker_use&quot;:&quot;no&quot;}\" data-widget_type=\"text-editor.default\">\n\t\t\t\t<div class=\"elementor-widget-container\">\n\t\t\t\t\t\t\t\t\t<header class=\"main\"><header class=\"main\"><h6 style=\"text-align: left;\">Gegenstand der Dienstleistung ist:<\/h6><\/header><div class=\"paragraph\"><p style=\"text-align: left;\"><br \/>Marketing und Vertrieb von Businessprodukten und Dienstleistungen.<br \/>Beispielsweise multimediale Pr\u00e4sentationen, Erstellung von Unterlagen oder Auftritte f\u00fcr Veranstaltungen.<\/p><h6 style=\"text-align: left;\"><\/h6><h6 style=\"text-align: left;\"><\/h6><h6 style=\"text-align: left;\">1. Geltungsbereich<\/h6><p style=\"text-align: left;\"><strong>1.1.<\/strong><br \/>Unsere Dienstleistungen erfolgen ausschlie\u00dflich aufgrund der nachstehenden Bedingungen.<\/p><p style=\"text-align: left;\"><strong>1.2.<\/strong><br \/>Gesch\u00e4ftsbedingungen des Vertragspartners werden nicht anerkannt, auch nicht durch konkludentes Handeln,<br \/>deren Einbeziehung wird hiermit ausdr\u00fccklich widersprochen, Abweichende Vertragsbedingungen des<br \/>Vertragspartners gelten nur, soweit wir diesen zuvor ausdr\u00fccklich und schriftlich zugestimmt haben.<\/p><p style=\"text-align: left;\"><strong>1.3.<\/strong><br \/>Unsere Gesch\u00e4ftsbedingungen gelten auch f\u00fcr alle k\u00fcnftigen Rechtsgesch\u00e4fte, selbst dann, wenn die<br \/>Einbeziehung nicht nochmal ausdr\u00fccklich erfolgt und\/oder auf deren Geltung nicht nochmal gesondert<br \/>hingewiesen wird.<\/p><h6 style=\"text-align: left;\">2. Gestaltung des Auftrages<\/h6><p style=\"text-align: left;\"><strong>2.1<\/strong><br \/>Gegenstand des Vertrages ist die Erbringung einer Dienstleistung, nicht die Herbeif\u00fchrung eines<br \/>bestimmten Erfolges. Der Auftragnehmer schuldet insbesondere nicht die Erzielung eines<br \/>bestimmten wirtschaftlichen Ergebnisses. Die Stellungnahmen und Empfehlungen des<br \/>Auftragnehmers bereiten die unternehmerische Entscheidung des Auftraggebers vor, k\u00f6nnen sie<br \/>aber nicht ersetzen.<\/p><p style=\"text-align: left;\"><strong>2.2<\/strong><br \/>Der Auftragnehmer erbringt seine Leistungen auf der Grundlage der vereinbarten<br \/>Leistungsbeschreibung und schriftlicher Stellungnahmen, beispielsweise Konzept, Briefing und<br \/>Protokolle. Das vereinbarte Leistungsangebot, bestehend aus Leistungsbeschreibung und<br \/>schriftlichen Stellungnahmen, ist nur durch ausgewiesene Projektleiter und F\u00fchrungskr\u00e4fte des<br \/>Auftragnehmers jeweils schriftlich anzunehmen und zu best\u00e4tigen. Der Auftraggeber<br \/>best\u00e4tigt seinerseits schriftlich die Leistungsbeschreibung und schriftliche Stellungnahme.<\/p><p style=\"text-align: left;\"><strong>2.3<\/strong><br \/>Der Auftragnehmer plant entsprechende Ressourcen und Personal verbindlich ein und reserviert<br \/>ein Zeitkontingent.<\/p><p style=\"text-align: left;\"><strong>2.4<\/strong><br \/>Der Auftraggeber stellt dem Auftragnehmer die erforderlichen Daten und Informationen<br \/>zum vereinbarten Zeitpunkt, jedoch sp\u00e4testens zum ersten Tag des Projektbeginns zur Verf\u00fcgung. Verz\u00f6gerungen bei der<br \/>Datenanlieferung durch den Auftraggeber gehen nicht zu Lasten des Auftragnehmers.<\/p><p style=\"text-align: left;\"><strong>2.5<\/strong><br \/>Der Auftraggeber benennt einen Ansprechpartner und gew\u00e4hrleistet den Informationsfluss zum<br \/>Auftragnehmer.<br \/>Der Auftragnehmer h\u00e4lt den Auftraggeber \u00fcber seine T\u00e4tigkeit auf dem Laufenden.<br \/>Er gew\u00e4hrleistet den Informationsfluss zum Auftraggeber und h\u00e4lt Kontakt mit dem benannten<br \/>Ansprechpartner.<\/p><p style=\"text-align: left;\"><strong>2.6<\/strong><br \/>Der Auftragnehmer ist berechtigt, sachverst\u00e4ndige Dritte und andere Hilfskr\u00e4fte zur<br \/>Durchf\u00fchrung des Vertrages heranzuziehen. Er ist weiterhin berechtigt alle notwendigen, im<br \/>rechtlichen Rahmen zul\u00e4ssigen, Ma\u00dfnahmen und Mittel zu ergreifen, um den Auftrag zu erf\u00fcllen. Der<br \/>Auftragnehmer ist frei in der Art und Weise der Auftragserf\u00fcllung bezogen auf Zeit, Ort, Software,<br \/>Hardware, Prozesse, Methoden und Personen.<\/p><p style=\"text-align: left;\"><strong>2.7<\/strong><br \/>Der Auftragnehmer leistet keine Rechts- oder Steuerberatung im Sinne des<br \/>Rechtsdienstleistungsgesetzes und des Steuerberatungsgesetzes.<\/p><h6 style=\"text-align: left;\">3. Vertraulichkeit und Datenschutz<\/h6><p style=\"text-align: left;\"><strong>3.1<\/strong><br \/>Der Auftragnehmer sichert die vertrauliche Behandlung der wirtschaftlichen Daten und<br \/>Informationen des Auftraggebers zu, die ihm durch die vereinbarte Dienstleistungst\u00e4tigkeit w\u00e4hrend<br \/>des Projektes bekannt werden.<\/p><p style=\"text-align: left;\"><strong>3.2<\/strong><br \/>Der Auftragnehmer darf die Projektergebnisse bspw. Folien, Filme, Bilder, Pr\u00e4sentationen, nach Projektende f\u00fcr Werbe-und Marketingzwecke verwenden. Sollten Teile des Projektergebnisses nicht f\u00fcr die \u00d6ffentlichkeit bestimmt sein, teilt der Auftraggeber dies dem Auftragnehmer in schriftlicher Form mit. Die entsprechenden Inhalte oder kundentypische Elemente, etwa ein Logo, werden daraufhin vom Auftragnehmer neutral dargestellt<br \/>oder unkenntlich gemacht.<\/p><h6 style=\"text-align: left;\">4. Urheberrechte<\/h6><p style=\"text-align: left;\"><strong>4.1<\/strong><br \/>Der Auftraggeber erh\u00e4lt das Recht, das vom Auftragnehmer zur Durchf\u00fchrung dieses Vertrages erstellte<br \/>Endergebnis nur im Leistungsangebot beschriebene n Zweck zu nutzen. Im \u00dcbrigen bleiben die Rechte beim<br \/>Auftragnehmer.<\/p><p style=\"text-align: left;\"><strong>4.2<\/strong><br \/>Alle erstellten Unterlagen und Zwischenergebnisse, wie z. B. Konzepte, Folien, Bildentw\u00fcrfe,<br \/>Skripte, Stories, sind geistiges Eigentum des Urhebers. Eine Weitergabe an Dritte zum Zwecke der Weiterbearbeitung, oder eine<br \/>Verwendung ohne Zustimmung des Auftragnehmers ist untersagt. Der Auftraggeber kann eine Lizenz f\u00fcr die Nutzung<br \/>beantragen.<\/p><p style=\"text-align: left;\"><strong>4.3<\/strong><br \/>Sollten in dem Ergebnis vorgeschriebene Nutzungsrechte Dritter enthalten sein, z.B. Bild<br \/>rechte, Musikrechte,Sprecherrechte, Filmrechte, Typographie-Rechte (Schriften), so gehen diese auf den Auftraggeber im<br \/>gleichen Ma\u00dfe \u00fcber. Der Auftragnehmer haftet nicht f\u00fcr Rechte Dritter.<\/p><h6 style=\"text-align: left;\">5. Beendigung des Auftrages<\/h6><p style=\"text-align: left;\"><strong>5.1<\/strong><br \/>Nach \u00dcbergabe des Endergebnisses ist der Auftrag abgeschlossen. Damit ist der Verg\u00fctungsanspruch des Auftragnehmers in vollem Umfang f\u00e4llig.<\/p><p style=\"text-align: left;\"><strong>5.2.<\/strong><br \/>Nach Beendigung des Dienstleistungsvertrages werden die Daten f\u00fcr einen Zeitraum von<br \/>maximal einem Jahr kostenfrei archiviert.<\/p><p style=\"text-align: left;\"><strong>5.3<\/strong><br \/>Nach \u00dcbergabe eines Projektes besteht seitens des Auftragnehmers kein weiterer Anspruch auf<br \/>erneute \u00dcbermittlung der Projektdaten.<\/p><p style=\"text-align: left;\"><strong>5.4.<\/strong><br \/>Der Vertrag ist mit einer K\u00fcndigungsfrist von 14 Tagen k\u00fcndbar. Die Frist beginnt mit dem Zeitpunkt in dem der K\u00fcndigungsberechtigte von den f\u00fcr die K\u00fcndigung ma\u00dfgebenden Tatsachen Kenntnis erlangt. Der K\u00fcndigende muss dem anderen Teil auf Verlangen den K\u00fcndigungsgrund<br \/>unverbindlich schriftlich mitteilen.<\/p><p style=\"text-align: left;\"><strong>5.5<\/strong><br \/>Der Auftragnehmer ist bei K\u00fcndigung durch den Auftraggeber berechtigt nach erbrachtem Stundenaufwand<br \/>zuz\u00fcglich eines Ausfallhonorars von 20% des Auftragswertes abzurechnen. Erfolgt die K\u00fcndigung durch den Auftragnehmer<br \/>erh\u00e4lt der Auftraggeber den Zwischenstand zum Zeitpunkt der K\u00fcndigung, die Abrechnung erfolgt bezogen auf diesen Zwischenstand.<\/p><p style=\"text-align: left;\"><strong>5.6<\/strong><br \/>Langfristige Rahmen-, Wartungs-, Pflege-, und Betreuungsauftr\u00e4ge sind mit einer Frist von sechs Monaten<br \/>k\u00fcndbar.<\/p><h6 style=\"text-align: left;\">6. Verg\u00fctung<\/h6><p style=\"text-align: left;\"><strong>6.1<\/strong><br \/>Der Auftragnehmer ist berechtigt, in angemessenen Zeitabschnitten Zwischenrechnungen \u00fcber die bis dahin erbrachten Leistungen zu stellen. Bei Auftragserteilung werden 50% des Auftragswertes f\u00e4llig. Die weitere Rechnungstellung und F\u00e4lligkeit erfolgt gem\u00e4\u00df Zeitplan vor Beginn des Projektes. Unabh\u00e4ngig von der Fertigstellung oder Verz\u00f6gerungen Seitens des Kunden.<\/p><p style=\"text-align: left;\"><strong>6.2<\/strong><br \/>Zusatzleistungen die nicht im Leistungsverzeichnis festgeschrieben sind und sich im Rahmen der Projektarbeit<br \/>durch \u00c4nderungsw\u00fcnsche seitens des Auftraggebers ergeben, werden nach tats\u00e4chlichem Aufwand anhand unserer aktuellen Stundens\u00e4tze berechnet.<\/p><p style=\"text-align: left;\"><strong>6.3.<\/strong><br \/>Die Herausgabe eines abgeschlossenen Projekts aus dem Archiv des Auftragnehmers ist innerhalb eines Jahres kostenfrei. Nach einem Jahr berechnet der Auftraggeber eine Recherche und Transfergeb\u00fchr i.H.v. 2 % des urspr\u00fcnglichen Auftragswertes.<\/p><p style=\"text-align: left;\"><strong>6.4.<\/strong><br \/>Die Aktualisierung des Endergebnisses an eine aktuelle Softwareversion ist m\u00f6glich. Auf Wunsch erh\u00e4lt der<br \/>Auftraggeber ein entsprechendes Angebot.<\/p><p style=\"text-align: left;\"><strong>6.5<\/strong><br \/>Zahlungen sind sofort nach Rechnungsstellung f\u00e4llig, sofern kein anderes Zahlungsziel vereinbart wird.<\/p><p style=\"text-align: left;\"><strong>6.6.<\/strong><br \/>Der Auftragnehmer arbeitet mit einem Factoring Unternehmen zusammen. Deshalb sind Zahlungen immer an die entsprechende Bankverbindung unter Angabe der Rechnungsnummer, Kundennummer zu leisten.<\/p><p style=\"text-align: left;\"><strong>6.7.<\/strong><br \/>Sofern f\u00fcr den Auftragnehmer notwendige Reisekosten, Flugkosten, Taxi, \u00dcbernachtung, oder sonstige Spesen anfallen, werden diese<br \/>dem Auftraggeber mit Beleg-Nachweis als durchlaufender Posten in Rechnung gestellt.<\/p><p style=\"text-align: left;\"><strong>6.8.<\/strong><br \/>Fahrten mit dem PKW berechnen wir mit 0,30\u20ac netto pro gefahrenem Kilometer. Dies gilt sowohl f\u00fcr Hin-<br \/>und R\u00fcckfahrt. Als Grundlage dient hier die Auswertung per Google-Maps, oder das Fahrtenbuch.<\/p><h6 style=\"text-align: left;\">7. Haftung<\/h6><p style=\"text-align: left;\"><strong>7.1<\/strong><br \/>Der Auftragnehmer schlie\u00dft die Haftung f\u00fcr leicht fahrl\u00e4ssige Pflichtverletzungen aus, sofern<br \/>nicht Sch\u00e4den aus der Verletzung des Lebens, des K\u00f6rpers oder der Gesundheit betroffen, oder Anspr\u00fcche nach dem<br \/>Produkthaftungsgesetz ber\u00fchrt sind. Unber\u00fchrt bleibt ferner die Haftung f\u00fcr die Verletzung von Pflichten, deren Erf\u00fcllung die ordnungsgem\u00e4\u00dfe Durchf\u00fchrung des Vertrages erst erm\u00f6glicht und auf deren Einhaltung der Auftraggeber regelm\u00e4\u00dfig vertrauen darf. Gleiches gilt f\u00fcr Pflichtverletzungen der Erf\u00fcllungsgehilfen der Auftragnehmerin.<\/p><h6 style=\"text-align: left;\">8. Schlussklauseln<\/h6><p style=\"text-align: left;\"><strong>8.1<\/strong><br \/>M\u00fcndliche Nebenabreden wurden nicht getroffen. \u00c4nderungen und Erg\u00e4nzungen des Vertrages bed\u00fcrfen der Schriftform. Das gilt auch f\u00fcr eine \u00c4nderung dieser Schriftformklausel.<\/p><p style=\"text-align: left;\"><strong>8.2<\/strong><br \/>Es gilt ausschlie\u00dflich deutsches Recht.<\/p><p style=\"text-align: left;\"><strong>8.3.<\/strong><br \/>F\u00fcr alle wechselseitigen Anspr\u00fcche der Vertragspartner wird der Firmensitz der Auftragnehmerin als Erf\u00fcllungsort und Gerichtsstand vereinbart, sofern es sich bei den Kunden um Kaufleute, juristische Person des \u00f6ffentlichen Rechts oder \u00f6ffentlich-<br \/>rechtliches Sonderverm\u00f6gen handelt. Ebenso wird der Sitz der Auftragnehmer in als Erf\u00fcllungsort und Gerichtsstand vereinbart, wenn der<br \/>Auftraggeber keinen allgemeinen Gerichtsstand im Inland hat.<\/p><p style=\"text-align: left;\"><strong>8.4.<\/strong><br \/>Sollte eine Bestimmung dieses Vertrages unwirksam sein oder werden oder sollte der Vertrag eine ausf\u00fcllungsbed\u00fcrftige L\u00fccke enthalten, so ber\u00fchrt dies die Wirksamkeit der \u00fcbrigen Bestimmungen nicht. An die Stelle der unwirksamen Bestimmung oder der L\u00fccke soll eine erg\u00e4nzende Vereinbarung der Parteien treten.<\/p><p style=\"text-align: left;\"><strong>Stand der AGB: 01.01.2022<\/strong><\/p><p style=\"text-align: left;\">impactzone<br \/>Julian Schwindt<br \/>Ro\u00dfd\u00f6rfer Stra\u00dfe 23<br \/>D-64354 Reinheim<\/p><p style=\"text-align: left;\">Telefon: +49 (0) 6162 969 22 90<\/p><p style=\"text-align: left;\">E-Mail: kontakt@impact-z.one<\/p><p style=\"text-align: left;\">Inhaltlich Verantwortlicher gem\u00e4\u00df \u00a7 55 Abs. 2 RStV: Julian Schwindt, Ro\u00dfd\u00f6rfer Stra\u00dfe 23, 64354 Reinheim<\/p><\/div><\/header>\t\t\t\t\t\t\t\t<\/div>\n\t\t\t\t<\/div>\n\t\t\t\t<div class=\"elementor-element elementor-element-2521fee ob-has-background-overlay elementor-widget elementor-widget-spacer\" data-id=\"2521fee\" data-element_type=\"widget\" data-e-type=\"widget\" data-settings=\"{&quot;_ob_spacerat_use&quot;:&quot;no&quot;,&quot;_ob_perspektive_use&quot;:&quot;no&quot;,&quot;_ob_poopart_use&quot;:&quot;yes&quot;,&quot;_ob_shadough_use&quot;:&quot;no&quot;,&quot;_ob_allow_hoveranimator&quot;:&quot;no&quot;,&quot;_ob_widget_stalker_use&quot;:&quot;no&quot;}\" data-widget_type=\"spacer.default\">\n\t\t\t\t<div class=\"elementor-widget-container\">\n\t\t\t\t\t\t\t<div class=\"elementor-spacer\">\n\t\t\t<div class=\"elementor-spacer-inner\"><\/div>\n\t\t<\/div>\n\t\t\t\t\t\t<\/div>\n\t\t\t\t<\/div>\n\t\t\t\t\t<\/div>\n\t\t<\/div>\n\t\t\t\t\t<\/div>\n\t\t<\/section>\n\t\t\t\t<\/div>\n\t\t","protected":false},"excerpt":{"rendered":"<p>IMPACTZONE &#8211; AGB ALLGEMEINE GESCH\u00c4FTSBEDINGUNGEN ALLGEMEINE GESCH\u00c4FTSBEDINGUNGEN Gegenstand der Dienstleistung ist: Marketing und Vertrieb von Businessprodukten und Dienstleistungen.Beispielsweise multimediale Pr\u00e4sentationen, Erstellung von Unterlagen oder Auftritte f\u00fcr Veranstaltungen. 1. Geltungsbereich 1.1.Unsere Dienstleistungen erfolgen ausschlie\u00dflich aufgrund der nachstehenden Bedingungen. 1.2.Gesch\u00e4ftsbedingungen des Vertragspartners werden nicht anerkannt, auch nicht durch konkludentes Handeln,deren Einbeziehung wird<\/p>\n","protected":false},"author":1,"featured_media":0,"parent":0,"menu_order":0,"comment_status":"closed","ping_status":"closed","template":"","meta":{"om_disable_all_campaigns":false,"_monsterinsights_skip_tracking":false,"_monsterinsights_sitenote_active":false,"_monsterinsights_sitenote_note":"","_monsterinsights_sitenote_category":0,"footnotes":""},"class_list":["post-85","page","type-page","status-publish","hentry"],"aioseo_notices":[],"_links":{"self":[{"href":"https:\/\/www.impact-z.one\/index.php?rest_route=\/wp\/v2\/pages\/85","targetHints":{"allow":["GET"]}}],"collection":[{"href":"https:\/\/www.impact-z.one\/index.php?rest_route=\/wp\/v2\/pages"}],"about":[{"href":"https:\/\/www.impact-z.one\/index.php?rest_route=\/wp\/v2\/types\/page"}],"author":[{"embeddable":true,"href":"https:\/\/www.impact-z.one\/index.php?rest_route=\/wp\/v2\/users\/1"}],"replies":[{"embeddable":true,"href":"https:\/\/www.impact-z.one\/index.php?rest_route=%2Fwp%2Fv2%2Fcomments&post=85"}],"version-history":[{"count":10,"href":"https:\/\/www.impact-z.one\/index.php?rest_route=\/wp\/v2\/pages\/85\/revisions"}],"predecessor-version":[{"id":548,"href":"https:\/\/www.impact-z.one\/index.php?rest_route=\/wp\/v2\/pages\/85\/revisions\/548"}],"wp:attachment":[{"href":"https:\/\/www.impact-z.one\/index.php?rest_route=%2Fwp%2Fv2%2Fmedia&parent=85"}],"curies":[{"name":"wp","href":"https:\/\/api.w.org\/{rel}","templated":true}]}}